{"id":2,"date":"2026-01-03T23:13:17","date_gmt":"2026-01-03T23:13:17","guid":{"rendered":"https:\/\/okfamilia.club\/?page_id=2"},"modified":"2026-01-05T18:43:08","modified_gmt":"2026-01-05T18:43:08","slug":"sample-page","status":"publish","type":"page","link":"https:\/\/okfamilia.club\/?page_id=2","title":{"rendered":"Acompa\u00f1amientos"},"content":{"rendered":"\n<div class=\"wp-block-media-text has-media-on-the-right is-stacked-on-mobile\"><div class=\"wp-block-media-text__content\">\n<h2 class=\"wp-block-heading\"><mark style=\"background-color:rgba(0, 0, 0, 0)\" class=\"has-inline-color has-primary-color\">Algunas familias<\/mark> no necesitan m\u00e1s informaci\u00f3n.<\/h2>\n\n\n\n<h2 class=\"wp-block-heading\"><mark style=\"background-color:rgba(0, 0, 0, 0)\" class=\"has-inline-color has-primary-color\">NECESITAN ACOMPA\u00d1AMIENTO.<\/mark><\/h2>\n\n\n\n<p>El acompa\u00f1amiento no es decirte qu\u00e9 hacer,<br>es caminar contigo mientras aprendes a hacerlo.<\/p>\n\n\n\n<div class=\"wp-block-buttons is-content-justification-center is-layout-flex wp-container-core-buttons-is-layout-a89b3969 wp-block-buttons-is-layout-flex\">\n<div class=\"wp-block-button\"><a class=\"wp-block-button__link wp-element-button\">Quiero orientaci\u00f3n para mi Familia<\/a><\/div>\n<\/div>\n<\/div><figure class=\"wp-block-media-text__media\"><img loading=\"lazy\" decoding=\"async\" width=\"1024\" height=\"677\" src=\"https:\/\/okfamilia.club\/wp-content\/uploads\/2026\/01\/dos-1024x677.png\" alt=\"\" class=\"wp-image-136 size-full\" srcset=\"https:\/\/okfamilia.club\/wp-content\/uploads\/2026\/01\/dos-1024x677.png 1024w, https:\/\/okfamilia.club\/wp-content\/uploads\/2026\/01\/dos-300x198.png 300w, https:\/\/okfamilia.club\/wp-content\/uploads\/2026\/01\/dos-768x508.png 768w, https:\/\/okfamilia.club\/wp-content\/uploads\/2026\/01\/dos.png 1176w\" sizes=\"auto, (max-width: 1024px) 100vw, 1024px\" \/><\/figure><\/div>\n\n\n\n<div class=\"wp-block-columns is-layout-flex wp-container-core-columns-is-layout-28f84493 wp-block-columns-is-layout-flex\">\n<div class=\"wp-block-column is-layout-flow wp-block-column-is-layout-flow\">\n<h3 class=\"wp-block-heading\">\u00bfPor qu\u00e9 acompa\u00f1amiento y no solo infoproductos?<\/h3>\n\n\n\n<p><\/p>\n\n\n\n<ul class=\"wp-block-list\">\n<li>Los cursos ense\u00f1an.<\/li>\n\n\n\n<li>Las gu\u00edas orientan.<\/li>\n\n\n\n<li>Los recursos informan.<\/li>\n<\/ul>\n<\/div>\n\n\n\n<div class=\"wp-block-column is-layout-flow wp-block-column-is-layout-flow\">\n<h3 class=\"wp-block-heading\">El acompa\u00f1amiento existe para familias que:<\/h3>\n\n\n\n<p><\/p>\n\n\n\n<ul class=\"wp-block-list\">\n<li>Ya intentaron \u201chacerlo bien\u201d<\/li>\n<\/ul>\n\n\n\n<ul class=\"wp-block-list\">\n<li>Se sienten estancadas<\/li>\n\n\n\n<li>Saben que el cambio requiere proceso, no solo voluntad<\/li>\n<\/ul>\n<\/div>\n<\/div>\n\n\n\n<p>Pero cuando el dolor es profundo, el conflicto se repite o las decisiones pesan\u2026 <strong>la informaci\u00f3n no basta<\/strong>.<\/p>\n\n\n\n<figure class=\"wp-block-pullquote\"><blockquote><p>Acompa\u00f1ar no es intervenir tu familia. Es ayudarte a <strong>recuperar liderazgo, claridad y direcci\u00f3n<\/strong>.<\/p><\/blockquote><\/figure>\n\n\n\n<h2 class=\"wp-block-heading has-text-align-center\"><mark style=\"background-color:rgba(0, 0, 0, 0)\" class=\"has-inline-color has-primary-color\">NUESTROS<\/mark> ACOMPA\u00d1AMIENTOS<\/h2>\n\n\n\n<div class=\"wp-block-columns is-layout-flex wp-container-core-columns-is-layout-28f84493 wp-block-columns-is-layout-flex\">\n<div class=\"wp-block-column is-layout-flow wp-block-column-is-layout-flow\">\n<div class=\"wp-block-group has-border-color has-primary-border-color is-vertical is-content-justification-center is-layout-flex wp-container-core-group-is-layout-a05f0f6d wp-block-group-is-layout-flex\" style=\"border-width:5px;border-top-left-radius:25px;border-top-right-radius:25px;border-bottom-left-radius:25px;border-bottom-right-radius:25px;min-height:400px;padding-top:var(--wp--preset--spacing--40);padding-right:0;padding-bottom:var(--wp--preset--spacing--40);padding-left:0\">\n<h3 class=\"wp-block-heading has-text-align-center\" style=\"border-style:none;border-width:0px\"><\/h3>\n\n\n\n<figure class=\"wp-block-image size-large is-style-default\" style=\"margin-right:var(--wp--preset--spacing--70);margin-left:var(--wp--preset--spacing--70)\"><img loading=\"lazy\" decoding=\"async\" width=\"1024\" height=\"684\" src=\"https:\/\/okfamilia.club\/wp-content\/uploads\/2026\/01\/intgrl_fliar-1-1024x684.png\" alt=\"\" class=\"wp-image-158\" srcset=\"https:\/\/okfamilia.club\/wp-content\/uploads\/2026\/01\/intgrl_fliar-1-1024x684.png 1024w, https:\/\/okfamilia.club\/wp-content\/uploads\/2026\/01\/intgrl_fliar-1-300x200.png 300w, https:\/\/okfamilia.club\/wp-content\/uploads\/2026\/01\/intgrl_fliar-1-768x513.png 768w, https:\/\/okfamilia.club\/wp-content\/uploads\/2026\/01\/intgrl_fliar-1-1536x1026.png 1536w, https:\/\/okfamilia.club\/wp-content\/uploads\/2026\/01\/intgrl_fliar-1-2048x1368.png 2048w\" sizes=\"auto, (max-width: 1024px) 100vw, 1024px\" \/><\/figure>\n<\/div>\n<\/div>\n\n\n\n<div class=\"wp-block-column has-border-color has-primary-border-color is-layout-flow wp-block-column-is-layout-flow\" style=\"border-width:5px;border-top-left-radius:25px;border-top-right-radius:25px;border-bottom-left-radius:25px;border-bottom-right-radius:25px\">\n<h3 class=\"wp-block-heading has-text-align-center\"><\/h3>\n\n\n\n<figure class=\"wp-block-image aligncenter size-large is-resized\"><img loading=\"lazy\" decoding=\"async\" width=\"1024\" height=\"684\" src=\"https:\/\/okfamilia.club\/wp-content\/uploads\/2026\/01\/pas_cuidadrs-1024x684.png\" alt=\"\" class=\"wp-image-153\" style=\"aspect-ratio:1.4971431869336873;width:308px;height:auto\" srcset=\"https:\/\/okfamilia.club\/wp-content\/uploads\/2026\/01\/pas_cuidadrs-1024x684.png 1024w, https:\/\/okfamilia.club\/wp-content\/uploads\/2026\/01\/pas_cuidadrs-300x200.png 300w, https:\/\/okfamilia.club\/wp-content\/uploads\/2026\/01\/pas_cuidadrs-768x513.png 768w, https:\/\/okfamilia.club\/wp-content\/uploads\/2026\/01\/pas_cuidadrs-1536x1026.png 1536w, https:\/\/okfamilia.club\/wp-content\/uploads\/2026\/01\/pas_cuidadrs-2048x1368.png 2048w\" sizes=\"auto, (max-width: 1024px) 100vw, 1024px\" \/><\/figure>\n<\/div>\n\n\n\n<div class=\"wp-block-column has-border-color has-primary-border-color is-layout-flow wp-block-column-is-layout-flow\" style=\"border-width:5px;border-top-left-radius:25px;border-top-right-radius:25px;border-bottom-left-radius:25px;border-bottom-right-radius:25px\">\n<h3 class=\"wp-block-heading has-text-align-center\"><\/h3>\n\n\n\n<figure class=\"wp-block-image aligncenter size-large is-resized\"><img loading=\"lazy\" decoding=\"async\" width=\"1024\" height=\"684\" src=\"https:\/\/okfamilia.club\/wp-content\/uploads\/2026\/01\/acompn_adccn-1024x684.png\" alt=\"\" class=\"wp-image-155\" style=\"aspect-ratio:1.4971431869336873;width:345px;height:auto\" srcset=\"https:\/\/okfamilia.club\/wp-content\/uploads\/2026\/01\/acompn_adccn-1024x684.png 1024w, https:\/\/okfamilia.club\/wp-content\/uploads\/2026\/01\/acompn_adccn-300x200.png 300w, https:\/\/okfamilia.club\/wp-content\/uploads\/2026\/01\/acompn_adccn-768x513.png 768w, https:\/\/okfamilia.club\/wp-content\/uploads\/2026\/01\/acompn_adccn-1536x1026.png 1536w, https:\/\/okfamilia.club\/wp-content\/uploads\/2026\/01\/acompn_adccn-2048x1368.png 2048w\" sizes=\"auto, (max-width: 1024px) 100vw, 1024px\" \/><\/figure>\n<\/div>\n<\/div>\n\n\n\n<p><\/p>\n","protected":false},"excerpt":{"rendered":"<p>\u00bfPor qu\u00e9 acompa\u00f1amiento y no solo infoproductos? El acompa\u00f1amiento existe para familias que: Pero cuando el dolor es profundo, el conflicto se repite o las decisiones pesan\u2026 la informaci\u00f3n no [&hellip;]<\/p>\n","protected":false},"author":1,"featured_media":0,"parent":0,"menu_order":0,"comment_status":"closed","ping_status":"open","template":"","meta":{"footnotes":""},"class_list":["post-2","page","type-page","status-publish","hentry"],"_links":{"self":[{"href":"https:\/\/okfamilia.club\/index.php?rest_route=\/wp\/v2\/pages\/2","targetHints":{"allow":["GET"]}}],"collection":[{"href":"https:\/\/okfamilia.club\/index.php?rest_route=\/wp\/v2\/pages"}],"about":[{"href":"https:\/\/okfamilia.club\/index.php?rest_route=\/wp\/v2\/types\/page"}],"author":[{"embeddable":true,"href":"https:\/\/okfamilia.club\/index.php?rest_route=\/wp\/v2\/users\/1"}],"replies":[{"embeddable":true,"href":"https:\/\/okfamilia.club\/index.php?rest_route=%2Fwp%2Fv2%2Fcomments&post=2"}],"version-history":[{"count":16,"href":"https:\/\/okfamilia.club\/index.php?rest_route=\/wp\/v2\/pages\/2\/revisions"}],"predecessor-version":[{"id":154,"href":"https:\/\/okfamilia.club\/index.php?rest_route=\/wp\/v2\/pages\/2\/revisions\/154"}],"wp:attachment":[{"href":"https:\/\/okfamilia.club\/index.php?rest_route=%2Fwp%2Fv2%2Fmedia&parent=2"}],"curies":[{"name":"wp","href":"https:\/\/api.w.org\/{rel}","templated":true}]}}